{"id":4218,"date":"2026-01-05T18:48:26","date_gmt":"2026-01-05T18:48:26","guid":{"rendered":"https:\/\/demo-stellen-hapy.konzeptschmiede.dewezet.de\/?page_id=4218"},"modified":"2026-01-09T08:59:55","modified_gmt":"2026-01-09T08:59:55","slug":"impressum","status":"publish","type":"page","link":"https:\/\/demo-stellen-hapy.konzeptschmiede.dewezet.de\/index.php\/impressum\/","title":{"rendered":"Impressum"},"content":{"rendered":"\n<h2 class=\"wp-block-heading\">Anbieter gem. \u00a7 5 Telemediengesetz und \u00a7 55 Abs. 1 des Staatsvertrages \u00fcber Rundfunk und Telemedien (Rundfunktstaatsvertrag &#8211; RStV)<\/h2>\n\n\n\n<p>Anbieter gem. \u00a7 5 Telemediengesetz und \u00a7 55 Abs. 1 des Staatsvertrages \u00fcber Rundfunk und Telemedien (Rundfunktstaatsvertrag &#8211; RStV)<\/p>\n\n\n\n<p><strong>Landkreis Hameln-Pyrmont<\/strong><br>S\u00fcntelstra\u00dfe\u00a09<br>D-31785 Hameln<\/p>\n\n\n\n<p>Telefon\u00a0:\u00a005151 903-0<br>Fax\u00a0:\u00a005151 903-1502<br>E-Mail\u00a0:\u00a0<a href=\"mailto:landkreis@hameln-pyrmont.de\">landkreis@hameln-pyrmont.de<\/a><br>Internet\u00a0:\u00a0<a href=\"http:\/\/https\/\/www.hameln-pyrmont.de\/\" target=\"_blank\" rel=\"noreferrer noopener\">https:\/\/www.hameln-pyrmont.de\/<\/a><br>EGVP Govello-ID\u00a0:\u00a0DE.Justiz.446a9fa1-5aca-446f-8d3f-0c849c1c5891.a022<\/p>\n\n\n\n<p><strong>Vertreten durch:&nbsp;<\/strong>Landrat Dirk Adomat<\/p>\n\n\n\n<p><strong>Umsatzsteuer-ID:<\/strong>&nbsp;Umsatzsteuer-Identifikationsnummer gem\u00e4\u00df \u00a7 27 a Umsatzsteuergesetz:&nbsp;DE 115 446 648<\/p>\n\n\n\n<p><strong>Leitweg-ID:<\/strong>&nbsp;03252-0-23<\/p>\n\n\n\n<h2 class=\"wp-block-heading\">Technische Realisierung<\/h2>\n\n\n\n<p><strong>Informationstechnologie<\/strong><br>S\u00fcntelstr.\u00a09<br>D-31785 Hameln<\/p>\n\n\n\n<p>E-Mail\u00a0:\u00a0<a href=\"mailto:it@hameln-pyrmont.de\">it@hameln-pyrmont.de<\/a><\/p>\n\n\n\n<p>EGVP Govello-ID\u00a0:\u00a0DE.Justiz.446a9fa1-5aca-446f-8d3f-0c849c1c5891.a022<\/p>\n\n\n\n<h2 class=\"wp-block-heading\">Inhaltliche Realisierung<\/h2>\n\n\n\n<p><strong>Stabsstelle des Landrates<\/strong><br>S\u00fcntelstra\u00dfe\u00a09<br>D-31785 Hameln<\/p>\n\n\n\n<p>E-Mail\u00a0:\u00a0<a href=\"mailto:stabsstellelandrat@hameln-pyrmont.de\">stabsstellelandrat@hameln-pyrmont.de<\/a><\/p>\n\n\n\n<p>EGVP Govello-ID\u00a0:\u00a0DE.Justiz.446a9fa1-5aca-446f-8d3f-0c849c1c5891.a022<\/p>\n","protected":false},"excerpt":{"rendered":"<p>Anbieter gem. \u00a7 5 Telemediengesetz und \u00a7 55 Abs. 1 des Staatsvertrages \u00fcber Rundfunk und Telemedien (Rundfunktstaatsvertrag &#8211; RStV) Anbieter gem. \u00a7 5 Telemediengesetz und \u00a7 55 Abs. 1 des Staatsvertrages \u00fcber Rundfunk und Telemedien (Rundfunktstaatsvertrag &#8211; RStV) Landkreis Hameln-PyrmontS\u00fcntelstra\u00dfe\u00a09D-31785 Hameln Telefon\u00a0:\u00a005151 903-0Fax\u00a0:\u00a005151 903-1502E-Mail\u00a0:\u00a0landkreis@hameln-pyrmont.deInternet\u00a0:\u00a0https:\/\/www.hameln-pyrmont.de\/EGVP Govello-ID\u00a0:\u00a0DE.Justiz.446a9fa1-5aca-446f-8d3f-0c849c1c5891.a022 Vertreten durch:&nbsp;Landrat Dirk Adomat Umsatzsteuer-ID:&nbsp;Umsatzsteuer-Identifikationsnummer gem\u00e4\u00df \u00a7 27 a Umsatzsteuergesetz:&nbsp;DE [&hellip;]<\/p>\n","protected":false},"author":2,"featured_media":0,"parent":0,"menu_order":0,"comment_status":"closed","ping_status":"closed","template":"","meta":{"_acf_changed":false,"footnotes":""},"class_list":["post-4218","page","type-page","status-publish","hentry"],"acf":[],"yoast_head":"<!-- This site is optimized with the Yoast SEO plugin v27.3 - https:\/\/yoast.com\/product\/yoast-seo-wordpress\/ -->\n<title>Impressum - Karriere Landkreis Hameln-Pyrmont<\/title>\n<meta name=\"robots\" content=\"noindex, follow, max-snippet:-1, max-image-preview:large, max-video-preview:-1\" \/>\n<meta property=\"og:locale\" content=\"de_DE\" \/>\n<meta property=\"og:type\" content=\"article\" \/>\n<meta property=\"og:title\" content=\"Impressum - Karriere Landkreis Hameln-Pyrmont\" \/>\n<meta property=\"og:description\" content=\"Anbieter gem. \u00a7 5 Telemediengesetz und \u00a7 55 Abs. 1 des Staatsvertrages \u00fcber Rundfunk und Telemedien (Rundfunktstaatsvertrag &#8211; RStV) Anbieter gem. \u00a7 5 Telemediengesetz und \u00a7 55 Abs. 1 des Staatsvertrages \u00fcber Rundfunk und Telemedien (Rundfunktstaatsvertrag &#8211; RStV) Landkreis Hameln-PyrmontS\u00fcntelstra\u00dfe\u00a09D-31785 Hameln Telefon\u00a0:\u00a005151 903-0Fax\u00a0:\u00a005151 903-1502E-Mail\u00a0:\u00a0landkreis@hameln-pyrmont.deInternet\u00a0:\u00a0https:\/\/www.hameln-pyrmont.de\/EGVP Govello-ID\u00a0:\u00a0DE.Justiz.446a9fa1-5aca-446f-8d3f-0c849c1c5891.a022 Vertreten durch:&nbsp;Landrat Dirk Adomat Umsatzsteuer-ID:&nbsp;Umsatzsteuer-Identifikationsnummer gem\u00e4\u00df \u00a7 27 a Umsatzsteuergesetz:&nbsp;DE [&hellip;]\" \/>\n<meta property=\"og:url\" content=\"https:\/\/demo-stellen-hapy.konzeptschmiede.dewezet.de\/index.php\/impressum\/\" \/>\n<meta property=\"og:site_name\" content=\"Karriere Landkreis Hameln-Pyrmont\" \/>\n<meta property=\"article:modified_time\" content=\"2026-01-09T08:59:55+00:00\" \/>\n<meta name=\"twitter:card\" content=\"summary_large_image\" \/>\n<meta name=\"twitter:label1\" content=\"Gesch\u00e4tzte Lesezeit\" \/>\n\t<meta name=\"twitter:data1\" content=\"1\u00a0Minute\" \/>\n<script type=\"application\/ld+json\" class=\"yoast-schema-graph\">{\"@context\":\"https:\\\/\\\/schema.org\",\"@graph\":[{\"@type\":\"WebPage\",\"@id\":\"https:\\\/\\\/demo-stellen-hapy.konzeptschmiede.dewezet.de\\\/index.php\\\/impressum\\\/\",\"url\":\"https:\\\/\\\/demo-stellen-hapy.konzeptschmiede.dewezet.de\\\/index.php\\\/impressum\\\/\",\"name\":\"Impressum - Karriere Landkreis Hameln-Pyrmont\",\"isPartOf\":{\"@id\":\"https:\\\/\\\/demo-stellen-hapy.konzeptschmiede.dewezet.de\\\/#website\"},\"datePublished\":\"2026-01-05T18:48:26+00:00\",\"dateModified\":\"2026-01-09T08:59:55+00:00\",\"breadcrumb\":{\"@id\":\"https:\\\/\\\/demo-stellen-hapy.konzeptschmiede.dewezet.de\\\/index.php\\\/impressum\\\/#breadcrumb\"},\"inLanguage\":\"de\",\"potentialAction\":[{\"@type\":\"ReadAction\",\"target\":[\"https:\\\/\\\/demo-stellen-hapy.konzeptschmiede.dewezet.de\\\/index.php\\\/impressum\\\/\"]}]},{\"@type\":\"BreadcrumbList\",\"@id\":\"https:\\\/\\\/demo-stellen-hapy.konzeptschmiede.dewezet.de\\\/index.php\\\/impressum\\\/#breadcrumb\",\"itemListElement\":[{\"@type\":\"ListItem\",\"position\":1,\"name\":\"Startseite\",\"item\":\"https:\\\/\\\/demo-stellen-hapy.konzeptschmiede.dewezet.de\\\/\"},{\"@type\":\"ListItem\",\"position\":2,\"name\":\"Impressum\"}]},{\"@type\":\"WebSite\",\"@id\":\"https:\\\/\\\/demo-stellen-hapy.konzeptschmiede.dewezet.de\\\/#website\",\"url\":\"https:\\\/\\\/demo-stellen-hapy.konzeptschmiede.dewezet.de\\\/\",\"name\":\"Karriere Landkreis Hameln-Pyrmont\",\"description\":\"\",\"publisher\":{\"@id\":\"https:\\\/\\\/demo-stellen-hapy.konzeptschmiede.dewezet.de\\\/#organization\"},\"potentialAction\":[{\"@type\":\"SearchAction\",\"target\":{\"@type\":\"EntryPoint\",\"urlTemplate\":\"https:\\\/\\\/demo-stellen-hapy.konzeptschmiede.dewezet.de\\\/?s={search_term_string}\"},\"query-input\":{\"@type\":\"PropertyValueSpecification\",\"valueRequired\":true,\"valueName\":\"search_term_string\"}}],\"inLanguage\":\"de\"},{\"@type\":\"Organization\",\"@id\":\"https:\\\/\\\/demo-stellen-hapy.konzeptschmiede.dewezet.de\\\/#organization\",\"name\":\"Karriere Landkreis Hameln-Pyrmont\",\"url\":\"https:\\\/\\\/demo-stellen-hapy.konzeptschmiede.dewezet.de\\\/\",\"logo\":{\"@type\":\"ImageObject\",\"inLanguage\":\"de\",\"@id\":\"https:\\\/\\\/demo-stellen-hapy.konzeptschmiede.dewezet.de\\\/#\\\/schema\\\/logo\\\/image\\\/\",\"url\":\"https:\\\/\\\/demo-stellen-hapy.konzeptschmiede.dewezet.de\\\/wp-content\\\/uploads\\\/2025\\\/03\\\/logo_landkreis-hameln-pyrmont.png\",\"contentUrl\":\"https:\\\/\\\/demo-stellen-hapy.konzeptschmiede.dewezet.de\\\/wp-content\\\/uploads\\\/2025\\\/03\\\/logo_landkreis-hameln-pyrmont.png\",\"width\":600,\"height\":345,\"caption\":\"Karriere Landkreis Hameln-Pyrmont\"},\"image\":{\"@id\":\"https:\\\/\\\/demo-stellen-hapy.konzeptschmiede.dewezet.de\\\/#\\\/schema\\\/logo\\\/image\\\/\"}}]}<\/script>\n<!-- \/ Yoast SEO plugin. -->","yoast_head_json":{"title":"Impressum - Karriere Landkreis Hameln-Pyrmont","robots":{"index":"noindex","follow":"follow","max-snippet":"max-snippet:-1","max-image-preview":"max-image-preview:large","max-video-preview":"max-video-preview:-1"},"og_locale":"de_DE","og_type":"article","og_title":"Impressum - Karriere Landkreis Hameln-Pyrmont","og_description":"Anbieter gem. \u00a7 5 Telemediengesetz und \u00a7 55 Abs. 1 des Staatsvertrages \u00fcber Rundfunk und Telemedien (Rundfunktstaatsvertrag &#8211; RStV) Anbieter gem. \u00a7 5 Telemediengesetz und \u00a7 55 Abs. 1 des Staatsvertrages \u00fcber Rundfunk und Telemedien (Rundfunktstaatsvertrag &#8211; RStV) Landkreis Hameln-PyrmontS\u00fcntelstra\u00dfe\u00a09D-31785 Hameln Telefon\u00a0:\u00a005151 903-0Fax\u00a0:\u00a005151 903-1502E-Mail\u00a0:\u00a0landkreis@hameln-pyrmont.deInternet\u00a0:\u00a0https:\/\/www.hameln-pyrmont.de\/EGVP Govello-ID\u00a0:\u00a0DE.Justiz.446a9fa1-5aca-446f-8d3f-0c849c1c5891.a022 Vertreten durch:&nbsp;Landrat Dirk Adomat Umsatzsteuer-ID:&nbsp;Umsatzsteuer-Identifikationsnummer gem\u00e4\u00df \u00a7 27 a Umsatzsteuergesetz:&nbsp;DE [&hellip;]","og_url":"https:\/\/demo-stellen-hapy.konzeptschmiede.dewezet.de\/index.php\/impressum\/","og_site_name":"Karriere Landkreis Hameln-Pyrmont","article_modified_time":"2026-01-09T08:59:55+00:00","twitter_card":"summary_large_image","twitter_misc":{"Gesch\u00e4tzte Lesezeit":"1\u00a0Minute"},"schema":{"@context":"https:\/\/schema.org","@graph":[{"@type":"WebPage","@id":"https:\/\/demo-stellen-hapy.konzeptschmiede.dewezet.de\/index.php\/impressum\/","url":"https:\/\/demo-stellen-hapy.konzeptschmiede.dewezet.de\/index.php\/impressum\/","name":"Impressum - Karriere Landkreis Hameln-Pyrmont","isPartOf":{"@id":"https:\/\/demo-stellen-hapy.konzeptschmiede.dewezet.de\/#website"},"datePublished":"2026-01-05T18:48:26+00:00","dateModified":"2026-01-09T08:59:55+00:00","breadcrumb":{"@id":"https:\/\/demo-stellen-hapy.konzeptschmiede.dewezet.de\/index.php\/impressum\/#breadcrumb"},"inLanguage":"de","potentialAction":[{"@type":"ReadAction","target":["https:\/\/demo-stellen-hapy.konzeptschmiede.dewezet.de\/index.php\/impressum\/"]}]},{"@type":"BreadcrumbList","@id":"https:\/\/demo-stellen-hapy.konzeptschmiede.dewezet.de\/index.php\/impressum\/#breadcrumb","itemListElement":[{"@type":"ListItem","position":1,"name":"Startseite","item":"https:\/\/demo-stellen-hapy.konzeptschmiede.dewezet.de\/"},{"@type":"ListItem","position":2,"name":"Impressum"}]},{"@type":"WebSite","@id":"https:\/\/demo-stellen-hapy.konzeptschmiede.dewezet.de\/#website","url":"https:\/\/demo-stellen-hapy.konzeptschmiede.dewezet.de\/","name":"Karriere Landkreis Hameln-Pyrmont","description":"","publisher":{"@id":"https:\/\/demo-stellen-hapy.konzeptschmiede.dewezet.de\/#organization"},"potentialAction":[{"@type":"SearchAction","target":{"@type":"EntryPoint","urlTemplate":"https:\/\/demo-stellen-hapy.konzeptschmiede.dewezet.de\/?s={search_term_string}"},"query-input":{"@type":"PropertyValueSpecification","valueRequired":true,"valueName":"search_term_string"}}],"inLanguage":"de"},{"@type":"Organization","@id":"https:\/\/demo-stellen-hapy.konzeptschmiede.dewezet.de\/#organization","name":"Karriere Landkreis Hameln-Pyrmont","url":"https:\/\/demo-stellen-hapy.konzeptschmiede.dewezet.de\/","logo":{"@type":"ImageObject","inLanguage":"de","@id":"https:\/\/demo-stellen-hapy.konzeptschmiede.dewezet.de\/#\/schema\/logo\/image\/","url":"https:\/\/demo-stellen-hapy.konzeptschmiede.dewezet.de\/wp-content\/uploads\/2025\/03\/logo_landkreis-hameln-pyrmont.png","contentUrl":"https:\/\/demo-stellen-hapy.konzeptschmiede.dewezet.de\/wp-content\/uploads\/2025\/03\/logo_landkreis-hameln-pyrmont.png","width":600,"height":345,"caption":"Karriere Landkreis Hameln-Pyrmont"},"image":{"@id":"https:\/\/demo-stellen-hapy.konzeptschmiede.dewezet.de\/#\/schema\/logo\/image\/"}}]}},"_links":{"self":[{"href":"https:\/\/demo-stellen-hapy.konzeptschmiede.dewezet.de\/index.php\/wp-json\/wp\/v2\/pages\/4218","targetHints":{"allow":["GET"]}}],"collection":[{"href":"https:\/\/demo-stellen-hapy.konzeptschmiede.dewezet.de\/index.php\/wp-json\/wp\/v2\/pages"}],"about":[{"href":"https:\/\/demo-stellen-hapy.konzeptschmiede.dewezet.de\/index.php\/wp-json\/wp\/v2\/types\/page"}],"author":[{"embeddable":true,"href":"https:\/\/demo-stellen-hapy.konzeptschmiede.dewezet.de\/index.php\/wp-json\/wp\/v2\/users\/2"}],"replies":[{"embeddable":true,"href":"https:\/\/demo-stellen-hapy.konzeptschmiede.dewezet.de\/index.php\/wp-json\/wp\/v2\/comments?post=4218"}],"version-history":[{"count":3,"href":"https:\/\/demo-stellen-hapy.konzeptschmiede.dewezet.de\/index.php\/wp-json\/wp\/v2\/pages\/4218\/revisions"}],"predecessor-version":[{"id":4254,"href":"https:\/\/demo-stellen-hapy.konzeptschmiede.dewezet.de\/index.php\/wp-json\/wp\/v2\/pages\/4218\/revisions\/4254"}],"wp:attachment":[{"href":"https:\/\/demo-stellen-hapy.konzeptschmiede.dewezet.de\/index.php\/wp-json\/wp\/v2\/media?parent=4218"}],"curies":[{"name":"wp","href":"https:\/\/api.w.org\/{rel}","templated":true}]}}