{"id":4250,"date":"2026-01-09T08:50:10","date_gmt":"2026-01-09T08:50:10","guid":{"rendered":"https:\/\/demo-stellen-hapy.konzeptschmiede.dewezet.de\/?page_id=4250"},"modified":"2026-01-09T08:50:11","modified_gmt":"2026-01-09T08:50:11","slug":"barrierefreiheit","status":"publish","type":"page","link":"https:\/\/demo-stellen-hapy.konzeptschmiede.dewezet.de\/index.php\/barrierefreiheit\/","title":{"rendered":"Barrierefreiheit"},"content":{"rendered":"\n<h2 class=\"wp-block-heading\">Erkl\u00e4rung zur Barrierefreiheit<\/h2>\n\n\n\n<p><em>Informationen \u00fcber die Zug\u00e4nglichkeit dieser Webseiten gem\u00e4\u00df \u00a7 9b NBGG sowie \u00fcber diesbez\u00fcgliche Kontaktm\u00f6glichkeiten.<\/em><\/p>\n\n\n\n<p>Diese Erkl\u00e4rung zur Barrierefreiheit gilt f\u00fcr<\/p>\n\n\n\n<ul class=\"wp-block-list\">\n<li><a href=\"https:\/\/karriere.hameln-pyrmont.de\/\">https:\/\/karriere.hameln-pyrmont.de<\/a><\/li>\n<\/ul>\n\n\n\n<p>Die Internetseite ist nur in Teilen barrierefrei. Eine Verbesserung wird kontinuierlich erfolgen.<\/p>\n\n\n\n<p>Der Webauftritt wird an die EU-Richtlinie 2016\/2102 zur Umsetzung des barrierefreien Internets \u00f6ffentlicher Stellen angepasst und optimiert. Dennoch ist die Seite nur in gewissen Teilen barrierefrei. An einer Verbesserung wird kontinuierlich gearbeitet.<\/p>\n\n\n\n<p>Nicht barrierefrei sind auch Inhalte von Sozialen Medien, die auf unserer Seite eingestellt sind. Dazu geh\u00f6ren Filme von der Plattform Vimeo. F\u00fcr diese Seiten sind wir nicht verantwortlich. Die inhaltliche Gestaltung dieser Filme ist jedoch soweit m\u00f6glich barrierefrei.<\/p>\n\n\n\n<p><strong>Nicht barrierefreie Inhalte:<\/strong><\/p>\n\n\n\n<ul class=\"wp-block-list\">\n<li>Die Dateien in verschiedenen Formaten wie PDF, XLS(X), DOC(X), PPT(X) sind kaum auf Barrierefreiheit gepr\u00fcft. Wir gehen daher davon aus, dass diese nicht barrierefrei sind<\/li>\n\n\n\n<li>Video-Dateien enthalten keine Audiodeskriptionen oder Untertitel<\/li>\n\n\n\n<li>Es sind Bilddateien vorhanden, bei denen kein Alternativtext angezeigt wird<\/li>\n\n\n\n<li>Auf den Inhaltsseiten werden teilweise Abk\u00fcrzungen verwendet, die von Screenreadern nicht als solche erkannt werden<\/li>\n\n\n\n<li>Verlinkungen zu externen Anwendungen oder Webpr\u00e4senzen au\u00dferhalb unserer Seiten k\u00f6nnen auf nicht barrierefreie Inhalte f\u00fchren<\/li>\n\n\n\n<li>Bei einer Verringerung der Browserbreite sind unter Umst\u00e4nden nicht mehr alle Funktionen gut zu erkennen<\/li>\n\n\n\n<li>Bei einem Zoom per Browser sind unter Umst\u00e4nden nicht mehr alle Funktionen gut zu erkennen<\/li>\n\n\n\n<li>Inhalte und Funktionen der Seite sind nur schwer tastaturzug\u00e4nglich<\/li>\n\n\n\n<li>Nicht alle Links (zu Dokumenten oder Seiten) sind eindeutig als solche bezeichnet<\/li>\n\n\n\n<li>Die Hauptsprache der Webseiten ist im Quelltext nicht angegeben. Dadurch kann insbesondere bei der Nutzung einer Screenreader-Software der Informationsabruf erschwert werden<\/li>\n\n\n\n<li>Die Breadcrumb ist nicht immer schl\u00fcssig oder vorhanden<\/li>\n<\/ul>\n\n\n\n<p>&nbsp;<strong>Erstellung dieser Erkl\u00e4rung zur Barrierefreiheit<\/strong><\/p>\n\n\n\n<p>Diese Erkl\u00e4rung wurde am 09.01.2026 erstellt. Die Einsch\u00e4tzung basiert auf einer Selbstbewertung.<\/p>\n\n\n\n<p><strong>Feedback und Kontaktangaben<\/strong><\/p>\n\n\n\n<p>\u00dcber folgenden Kontakt k\u00f6nnen Sie M\u00e4ngel in Bezug auf die Einhaltung der Barrierefreiheitsanforderungen mitteilen:&nbsp;<a href=\"mailto:Digitalsierung@hameln-pyrmont.de\">Digitalsierung@hameln-pyrmont.de<\/a><\/p>\n\n\n\n<p><strong>Schlichtungsverfahren<\/strong><\/p>\n\n\n\n<p>Bei nicht zufriedenstellenden Antworten aus oben genannter Kontaktm\u00f6glichkeit k\u00f6nnen Sie bei der Schlichtungsstelle, eingerichtet bei der Landesbeauftragten f\u00fcr Menschen mit Behinderungen in Niedersachsen, einen Antrag auf Einleitung eines Schlichtungsverfahrens nach dem Nieders\u00e4chsischen Behindertengleichstellungsgesetz (NBGG) stellen. Die Schlichtungsstelle nach \u00a7 9 d NBGG hat die Aufgabe, Streitigkeiten zwischen Menschen mit Behinderungen und \u00f6ffentlichen Stellen des Landes Niedersachsen, zum Thema Barrierefreiheit in der IT, beizulegen. Das Schlichtungsverfahren ist kostenlos. Es muss kein Rechtsbeistand eingeschaltet werden.<\/p>\n\n\n\n<p>Direkt kontaktieren k\u00f6nnen Sie die Schlichtungsstelle unter:<\/p>\n\n\n\n<ul class=\"wp-block-list\">\n<li>Telefon: 0511\/120-4010<\/li>\n\n\n\n<li>E-Mail:\u00a0<a href=\"mailto:schlichtungsstelle@ms.niedersachsen.de\">schlichtungsstelle@ms.niedersachsen.de<\/a><\/li>\n<\/ul>\n\n\n\n<p>Zeitpunkt der Ver\u00f6ffentlichung der Website oder der mobilen Anwendung: Februar 2022<\/p>\n","protected":false},"excerpt":{"rendered":"<p>Erkl\u00e4rung zur Barrierefreiheit Informationen \u00fcber die Zug\u00e4nglichkeit dieser Webseiten gem\u00e4\u00df \u00a7 9b NBGG sowie \u00fcber diesbez\u00fcgliche Kontaktm\u00f6glichkeiten. Diese Erkl\u00e4rung zur Barrierefreiheit gilt f\u00fcr Die Internetseite ist nur in Teilen barrierefrei. Eine Verbesserung wird kontinuierlich erfolgen. Der Webauftritt wird an die EU-Richtlinie 2016\/2102 zur Umsetzung des barrierefreien Internets \u00f6ffentlicher Stellen angepasst und optimiert. Dennoch ist die [&hellip;]<\/p>\n","protected":false},"author":2,"featured_media":0,"parent":0,"menu_order":0,"comment_status":"closed","ping_status":"closed","template":"","meta":{"_acf_changed":false,"footnotes":""},"class_list":["post-4250","page","type-page","status-publish","hentry"],"acf":[],"yoast_head":"<!-- This site is optimized with the Yoast SEO plugin v27.3 - https:\/\/yoast.com\/product\/yoast-seo-wordpress\/ -->\n<title>Barrierefreiheit - Karriere Landkreis Hameln-Pyrmont<\/title>\n<meta name=\"robots\" content=\"noindex, follow, max-snippet:-1, max-image-preview:large, max-video-preview:-1\" \/>\n<meta property=\"og:locale\" content=\"de_DE\" \/>\n<meta property=\"og:type\" content=\"article\" \/>\n<meta property=\"og:title\" content=\"Barrierefreiheit - Karriere Landkreis Hameln-Pyrmont\" \/>\n<meta property=\"og:description\" content=\"Erkl\u00e4rung zur Barrierefreiheit Informationen \u00fcber die Zug\u00e4nglichkeit dieser Webseiten gem\u00e4\u00df \u00a7 9b NBGG sowie \u00fcber diesbez\u00fcgliche Kontaktm\u00f6glichkeiten. Diese Erkl\u00e4rung zur Barrierefreiheit gilt f\u00fcr Die Internetseite ist nur in Teilen barrierefrei. Eine Verbesserung wird kontinuierlich erfolgen. Der Webauftritt wird an die EU-Richtlinie 2016\/2102 zur Umsetzung des barrierefreien Internets \u00f6ffentlicher Stellen angepasst und optimiert. Dennoch ist die [&hellip;]\" \/>\n<meta property=\"og:url\" content=\"https:\/\/demo-stellen-hapy.konzeptschmiede.dewezet.de\/index.php\/barrierefreiheit\/\" \/>\n<meta property=\"og:site_name\" content=\"Karriere Landkreis Hameln-Pyrmont\" \/>\n<meta property=\"article:modified_time\" content=\"2026-01-09T08:50:11+00:00\" \/>\n<meta name=\"twitter:card\" content=\"summary_large_image\" \/>\n<meta name=\"twitter:label1\" content=\"Gesch\u00e4tzte Lesezeit\" \/>\n\t<meta name=\"twitter:data1\" content=\"3\u00a0Minuten\" \/>\n<script type=\"application\/ld+json\" class=\"yoast-schema-graph\">{\"@context\":\"https:\\\/\\\/schema.org\",\"@graph\":[{\"@type\":\"WebPage\",\"@id\":\"https:\\\/\\\/demo-stellen-hapy.konzeptschmiede.dewezet.de\\\/index.php\\\/barrierefreiheit\\\/\",\"url\":\"https:\\\/\\\/demo-stellen-hapy.konzeptschmiede.dewezet.de\\\/index.php\\\/barrierefreiheit\\\/\",\"name\":\"Barrierefreiheit - Karriere Landkreis Hameln-Pyrmont\",\"isPartOf\":{\"@id\":\"https:\\\/\\\/demo-stellen-hapy.konzeptschmiede.dewezet.de\\\/#website\"},\"datePublished\":\"2026-01-09T08:50:10+00:00\",\"dateModified\":\"2026-01-09T08:50:11+00:00\",\"breadcrumb\":{\"@id\":\"https:\\\/\\\/demo-stellen-hapy.konzeptschmiede.dewezet.de\\\/index.php\\\/barrierefreiheit\\\/#breadcrumb\"},\"inLanguage\":\"de\",\"potentialAction\":[{\"@type\":\"ReadAction\",\"target\":[\"https:\\\/\\\/demo-stellen-hapy.konzeptschmiede.dewezet.de\\\/index.php\\\/barrierefreiheit\\\/\"]}]},{\"@type\":\"BreadcrumbList\",\"@id\":\"https:\\\/\\\/demo-stellen-hapy.konzeptschmiede.dewezet.de\\\/index.php\\\/barrierefreiheit\\\/#breadcrumb\",\"itemListElement\":[{\"@type\":\"ListItem\",\"position\":1,\"name\":\"Startseite\",\"item\":\"https:\\\/\\\/demo-stellen-hapy.konzeptschmiede.dewezet.de\\\/\"},{\"@type\":\"ListItem\",\"position\":2,\"name\":\"Barrierefreiheit\"}]},{\"@type\":\"WebSite\",\"@id\":\"https:\\\/\\\/demo-stellen-hapy.konzeptschmiede.dewezet.de\\\/#website\",\"url\":\"https:\\\/\\\/demo-stellen-hapy.konzeptschmiede.dewezet.de\\\/\",\"name\":\"Karriere Landkreis Hameln-Pyrmont\",\"description\":\"\",\"publisher\":{\"@id\":\"https:\\\/\\\/demo-stellen-hapy.konzeptschmiede.dewezet.de\\\/#organization\"},\"potentialAction\":[{\"@type\":\"SearchAction\",\"target\":{\"@type\":\"EntryPoint\",\"urlTemplate\":\"https:\\\/\\\/demo-stellen-hapy.konzeptschmiede.dewezet.de\\\/?s={search_term_string}\"},\"query-input\":{\"@type\":\"PropertyValueSpecification\",\"valueRequired\":true,\"valueName\":\"search_term_string\"}}],\"inLanguage\":\"de\"},{\"@type\":\"Organization\",\"@id\":\"https:\\\/\\\/demo-stellen-hapy.konzeptschmiede.dewezet.de\\\/#organization\",\"name\":\"Karriere Landkreis Hameln-Pyrmont\",\"url\":\"https:\\\/\\\/demo-stellen-hapy.konzeptschmiede.dewezet.de\\\/\",\"logo\":{\"@type\":\"ImageObject\",\"inLanguage\":\"de\",\"@id\":\"https:\\\/\\\/demo-stellen-hapy.konzeptschmiede.dewezet.de\\\/#\\\/schema\\\/logo\\\/image\\\/\",\"url\":\"https:\\\/\\\/demo-stellen-hapy.konzeptschmiede.dewezet.de\\\/wp-content\\\/uploads\\\/2025\\\/03\\\/logo_landkreis-hameln-pyrmont.png\",\"contentUrl\":\"https:\\\/\\\/demo-stellen-hapy.konzeptschmiede.dewezet.de\\\/wp-content\\\/uploads\\\/2025\\\/03\\\/logo_landkreis-hameln-pyrmont.png\",\"width\":600,\"height\":345,\"caption\":\"Karriere Landkreis Hameln-Pyrmont\"},\"image\":{\"@id\":\"https:\\\/\\\/demo-stellen-hapy.konzeptschmiede.dewezet.de\\\/#\\\/schema\\\/logo\\\/image\\\/\"}}]}<\/script>\n<!-- \/ Yoast SEO plugin. -->","yoast_head_json":{"title":"Barrierefreiheit - Karriere Landkreis Hameln-Pyrmont","robots":{"index":"noindex","follow":"follow","max-snippet":"max-snippet:-1","max-image-preview":"max-image-preview:large","max-video-preview":"max-video-preview:-1"},"og_locale":"de_DE","og_type":"article","og_title":"Barrierefreiheit - Karriere Landkreis Hameln-Pyrmont","og_description":"Erkl\u00e4rung zur Barrierefreiheit Informationen \u00fcber die Zug\u00e4nglichkeit dieser Webseiten gem\u00e4\u00df \u00a7 9b NBGG sowie \u00fcber diesbez\u00fcgliche Kontaktm\u00f6glichkeiten. Diese Erkl\u00e4rung zur Barrierefreiheit gilt f\u00fcr Die Internetseite ist nur in Teilen barrierefrei. Eine Verbesserung wird kontinuierlich erfolgen. Der Webauftritt wird an die EU-Richtlinie 2016\/2102 zur Umsetzung des barrierefreien Internets \u00f6ffentlicher Stellen angepasst und optimiert. Dennoch ist die [&hellip;]","og_url":"https:\/\/demo-stellen-hapy.konzeptschmiede.dewezet.de\/index.php\/barrierefreiheit\/","og_site_name":"Karriere Landkreis Hameln-Pyrmont","article_modified_time":"2026-01-09T08:50:11+00:00","twitter_card":"summary_large_image","twitter_misc":{"Gesch\u00e4tzte Lesezeit":"3\u00a0Minuten"},"schema":{"@context":"https:\/\/schema.org","@graph":[{"@type":"WebPage","@id":"https:\/\/demo-stellen-hapy.konzeptschmiede.dewezet.de\/index.php\/barrierefreiheit\/","url":"https:\/\/demo-stellen-hapy.konzeptschmiede.dewezet.de\/index.php\/barrierefreiheit\/","name":"Barrierefreiheit - Karriere Landkreis Hameln-Pyrmont","isPartOf":{"@id":"https:\/\/demo-stellen-hapy.konzeptschmiede.dewezet.de\/#website"},"datePublished":"2026-01-09T08:50:10+00:00","dateModified":"2026-01-09T08:50:11+00:00","breadcrumb":{"@id":"https:\/\/demo-stellen-hapy.konzeptschmiede.dewezet.de\/index.php\/barrierefreiheit\/#breadcrumb"},"inLanguage":"de","potentialAction":[{"@type":"ReadAction","target":["https:\/\/demo-stellen-hapy.konzeptschmiede.dewezet.de\/index.php\/barrierefreiheit\/"]}]},{"@type":"BreadcrumbList","@id":"https:\/\/demo-stellen-hapy.konzeptschmiede.dewezet.de\/index.php\/barrierefreiheit\/#breadcrumb","itemListElement":[{"@type":"ListItem","position":1,"name":"Startseite","item":"https:\/\/demo-stellen-hapy.konzeptschmiede.dewezet.de\/"},{"@type":"ListItem","position":2,"name":"Barrierefreiheit"}]},{"@type":"WebSite","@id":"https:\/\/demo-stellen-hapy.konzeptschmiede.dewezet.de\/#website","url":"https:\/\/demo-stellen-hapy.konzeptschmiede.dewezet.de\/","name":"Karriere Landkreis Hameln-Pyrmont","description":"","publisher":{"@id":"https:\/\/demo-stellen-hapy.konzeptschmiede.dewezet.de\/#organization"},"potentialAction":[{"@type":"SearchAction","target":{"@type":"EntryPoint","urlTemplate":"https:\/\/demo-stellen-hapy.konzeptschmiede.dewezet.de\/?s={search_term_string}"},"query-input":{"@type":"PropertyValueSpecification","valueRequired":true,"valueName":"search_term_string"}}],"inLanguage":"de"},{"@type":"Organization","@id":"https:\/\/demo-stellen-hapy.konzeptschmiede.dewezet.de\/#organization","name":"Karriere Landkreis Hameln-Pyrmont","url":"https:\/\/demo-stellen-hapy.konzeptschmiede.dewezet.de\/","logo":{"@type":"ImageObject","inLanguage":"de","@id":"https:\/\/demo-stellen-hapy.konzeptschmiede.dewezet.de\/#\/schema\/logo\/image\/","url":"https:\/\/demo-stellen-hapy.konzeptschmiede.dewezet.de\/wp-content\/uploads\/2025\/03\/logo_landkreis-hameln-pyrmont.png","contentUrl":"https:\/\/demo-stellen-hapy.konzeptschmiede.dewezet.de\/wp-content\/uploads\/2025\/03\/logo_landkreis-hameln-pyrmont.png","width":600,"height":345,"caption":"Karriere Landkreis Hameln-Pyrmont"},"image":{"@id":"https:\/\/demo-stellen-hapy.konzeptschmiede.dewezet.de\/#\/schema\/logo\/image\/"}}]}},"_links":{"self":[{"href":"https:\/\/demo-stellen-hapy.konzeptschmiede.dewezet.de\/index.php\/wp-json\/wp\/v2\/pages\/4250","targetHints":{"allow":["GET"]}}],"collection":[{"href":"https:\/\/demo-stellen-hapy.konzeptschmiede.dewezet.de\/index.php\/wp-json\/wp\/v2\/pages"}],"about":[{"href":"https:\/\/demo-stellen-hapy.konzeptschmiede.dewezet.de\/index.php\/wp-json\/wp\/v2\/types\/page"}],"author":[{"embeddable":true,"href":"https:\/\/demo-stellen-hapy.konzeptschmiede.dewezet.de\/index.php\/wp-json\/wp\/v2\/users\/2"}],"replies":[{"embeddable":true,"href":"https:\/\/demo-stellen-hapy.konzeptschmiede.dewezet.de\/index.php\/wp-json\/wp\/v2\/comments?post=4250"}],"version-history":[{"count":1,"href":"https:\/\/demo-stellen-hapy.konzeptschmiede.dewezet.de\/index.php\/wp-json\/wp\/v2\/pages\/4250\/revisions"}],"predecessor-version":[{"id":4251,"href":"https:\/\/demo-stellen-hapy.konzeptschmiede.dewezet.de\/index.php\/wp-json\/wp\/v2\/pages\/4250\/revisions\/4251"}],"wp:attachment":[{"href":"https:\/\/demo-stellen-hapy.konzeptschmiede.dewezet.de\/index.php\/wp-json\/wp\/v2\/media?parent=4250"}],"curies":[{"name":"wp","href":"https:\/\/api.w.org\/{rel}","templated":true}]}}