{"id":699,"date":"2025-05-07T09:55:54","date_gmt":"2025-05-07T09:55:54","guid":{"rendered":"https:\/\/competent-ardinghelli.37-148-207-16.plesk.page\/?page_id=699"},"modified":"2025-12-09T10:15:43","modified_gmt":"2025-12-09T10:15:43","slug":"praktikum","status":"publish","type":"page","link":"https:\/\/demo-stellen-hapy.konzeptschmiede.dewezet.de\/index.php\/einstiege\/praktikum\/","title":{"rendered":"Praktikum"},"content":{"rendered":"\t\t<div data-elementor-type=\"wp-page\" data-elementor-id=\"699\" class=\"elementor elementor-699\" data-elementor-post-type=\"page\">\n\t\t\t\t<div class=\"elementor-element elementor-element-f0095ac e-flex e-con-boxed e-con e-parent\" data-id=\"f0095ac\" data-element_type=\"container\" data-e-type=\"container\" data-settings=\"{&quot;background_background&quot;:&quot;classic&quot;}\">\n\t\t\t\t\t<div class=\"e-con-inner\">\n\t\t<div class=\"elementor-element elementor-element-16eefaa e-con-full e-flex e-con e-child\" data-id=\"16eefaa\" data-element_type=\"container\" data-e-type=\"container\" data-settings=\"{&quot;background_background&quot;:&quot;classic&quot;}\">\n\t\t\t\t<div class=\"elementor-element elementor-element-fa12563 elementor-widget elementor-widget-breadcrumbs\" data-id=\"fa12563\" data-element_type=\"widget\" data-e-type=\"widget\" data-widget_type=\"breadcrumbs.default\">\n\t\t\t\t<div class=\"elementor-widget-container\">\n\t\t\t\t\t<p id=\"breadcrumbs\"><span><span><a href=\"https:\/\/demo-stellen-hapy.konzeptschmiede.dewezet.de\/\">Startseite<\/a><\/span><\/span><\/p>\t\t\t\t<\/div>\n\t\t\t\t<\/div>\n\t\t\t\t<div class=\"elementor-element elementor-element-95805ef elementor-widget elementor-widget-heading\" data-id=\"95805ef\" data-element_type=\"widget\" data-e-type=\"widget\" data-widget_type=\"heading.default\">\n\t\t\t\t<div class=\"elementor-widget-container\">\n\t\t\t\t\t<h2 class=\"elementor-heading-title elementor-size-default\">Praktikum<\/h2>\t\t\t\t<\/div>\n\t\t\t\t<\/div>\n\t\t\t\t<div class=\"elementor-element elementor-element-7f9abc2 elementor-widget__width-initial elementor-widget elementor-widget-text-editor\" data-id=\"7f9abc2\" data-element_type=\"widget\" data-e-type=\"widget\" data-widget_type=\"text-editor.default\">\n\t\t\t\t<div class=\"elementor-widget-container\">\n\t\t\t\t\t\t\t\t\t<p>Finde raus, welcher Beruf zu dir passt.<\/p>\t\t\t\t\t\t\t\t<\/div>\n\t\t\t\t<\/div>\n\t\t\t\t<\/div>\n\t\t\t\t\t<\/div>\n\t\t\t\t<\/div>\n\t\t<div class=\"elementor-element elementor-element-1ba7623 e-flex e-con-boxed e-con e-parent\" data-id=\"1ba7623\" data-element_type=\"container\" data-e-type=\"container\">\n\t\t\t\t\t<div class=\"e-con-inner\">\n\t\t<div class=\"elementor-element elementor-element-2ab8cf4 e-con-full e-flex e-con e-child\" data-id=\"2ab8cf4\" data-element_type=\"container\" data-e-type=\"container\">\n\t\t\t\t<div class=\"elementor-element elementor-element-8c13757 elementor-widget elementor-widget-heading\" data-id=\"8c13757\" data-element_type=\"widget\" data-e-type=\"widget\" data-widget_type=\"heading.default\">\n\t\t\t\t<div class=\"elementor-widget-container\">\n\t\t\t\t\t<h2 class=\"elementor-heading-title elementor-size-default\">Einblicke in die Verwaltung<\/h2>\t\t\t\t<\/div>\n\t\t\t\t<\/div>\n\t\t\t\t<div class=\"elementor-element elementor-element-1911717 elementor-widget elementor-widget-text-editor\" data-id=\"1911717\" data-element_type=\"widget\" data-e-type=\"widget\" data-widget_type=\"text-editor.default\">\n\t\t\t\t<div class=\"elementor-widget-container\">\n\t\t\t\t\t\t\t\t\t<p>Ein Praktikum beim Landkreis bietet dir die M\u00f6glichkeit, verschiedene Verwaltungsbereiche kennenzulernen, deine F\u00e4higkeiten einzubringen und wertvolle Praxiserfahrung zu sammeln. Bei uns lernst du, wie Verwaltung zum Wohle der B\u00fcrger:innen funktioniert.<\/p><p>Besonders spannend: Die Praktika werden von unserer Azubi-Firma organisiert \u2013 also von Auszubildenden und Studierenden, die selbst mitten im Geschehen stehen und dir mit Rat und Tat zur Seite stehen. So bist du bestens betreut und bekommst einen authentischen Einblick in unsere Arbeit.<\/p>\t\t\t\t\t\t\t\t<\/div>\n\t\t\t\t<\/div>\n\t\t\t\t<\/div>\n\t\t<div class=\"elementor-element elementor-element-dc30d89 e-con-full e-flex e-con e-child\" data-id=\"dc30d89\" data-element_type=\"container\" data-e-type=\"container\">\n\t\t\t\t<div class=\"elementor-element elementor-element-a28fccc elementor-widget elementor-widget-image\" data-id=\"a28fccc\" data-element_type=\"widget\" data-e-type=\"widget\" data-widget_type=\"image.default\">\n\t\t\t\t<div class=\"elementor-widget-container\">\n\t\t\t\t\t\t\t\t\t\t\t\t\t\t\t<img decoding=\"async\" src=\"https:\/\/demo-stellen-hapy.konzeptschmiede.dewezet.de\/wp-content\/uploads\/2025\/12\/0V0A5823-2-scaled.jpg\" title=\"0V0A5823 (2)\" alt=\"0V0A5823 (2)\" loading=\"lazy\" \/>\t\t\t\t\t\t\t\t\t\t\t\t\t\t\t<\/div>\n\t\t\t\t<\/div>\n\t\t\t\t<\/div>\n\t\t\t\t\t<\/div>\n\t\t\t\t<\/div>\n\t\t<div class=\"elementor-element elementor-element-a55561d e-flex e-con-boxed e-con e-parent\" data-id=\"a55561d\" data-element_type=\"container\" data-e-type=\"container\">\n\t\t\t\t\t<div class=\"e-con-inner\">\n\t\t<div class=\"elementor-element elementor-element-7d621c2 e-con-full e-flex e-con e-child\" data-id=\"7d621c2\" data-element_type=\"container\" data-e-type=\"container\">\n\t\t\t\t<div class=\"elementor-element elementor-element-041f2d0 elementor-widget elementor-widget-n-accordion\" data-id=\"041f2d0\" data-element_type=\"widget\" data-e-type=\"widget\" data-settings=\"{&quot;default_state&quot;:&quot;expanded&quot;,&quot;max_items_expended&quot;:&quot;one&quot;,&quot;n_accordion_animation_duration&quot;:{&quot;unit&quot;:&quot;ms&quot;,&quot;size&quot;:400,&quot;sizes&quot;:[]}}\" data-widget_type=\"nested-accordion.default\">\n\t\t\t\t<div class=\"elementor-widget-container\">\n\t\t\t\t\t\t\t<div class=\"e-n-accordion\" aria-label=\"Accordion. Open links with Enter or Space, close with Escape, and navigate with Arrow Keys\">\n\t\t\t\t\t\t<details id=\"e-n-accordion-item-4320\" class=\"e-n-accordion-item\" open>\n\t\t\t\t<summary class=\"e-n-accordion-item-title\" data-accordion-index=\"1\" tabindex=\"0\" aria-expanded=\"true\" aria-controls=\"e-n-accordion-item-4320\" >\n\t\t\t\t\t<span class='e-n-accordion-item-title-header'><h2 class=\"e-n-accordion-item-title-text\"> Welche Praktika sind m\u00f6glich? <\/h2><\/span>\n\t\t\t\t\t\t\t<span class='e-n-accordion-item-title-icon'>\n\t\t\t<span class='e-opened' ><svg aria-hidden=\"true\" class=\"e-font-icon-svg e-fas-minus\" viewBox=\"0 0 448 512\" xmlns=\"http:\/\/www.w3.org\/2000\/svg\"><path d=\"M416 208H32c-17.67 0-32 14.33-32 32v32c0 17.67 14.33 32 32 32h384c17.67 0 32-14.33 32-32v-32c0-17.67-14.33-32-32-32z\"><\/path><\/svg><\/span>\n\t\t\t<span class='e-closed'><svg aria-hidden=\"true\" class=\"e-font-icon-svg e-fas-plus\" viewBox=\"0 0 448 512\" xmlns=\"http:\/\/www.w3.org\/2000\/svg\"><path d=\"M416 208H272V64c0-17.67-14.33-32-32-32h-32c-17.67 0-32 14.33-32 32v144H32c-17.67 0-32 14.33-32 32v32c0 17.67 14.33 32 32 32h144v144c0 17.67 14.33 32 32 32h32c17.67 0 32-14.33 32-32V304h144c17.67 0 32-14.33 32-32v-32c0-17.67-14.33-32-32-32z\"><\/path><\/svg><\/span>\n\t\t<\/span>\n\n\t\t\t\t\t\t<\/summary>\n\t\t\t\t<div role=\"region\" aria-labelledby=\"e-n-accordion-item-4320\" class=\"elementor-element elementor-element-abb548d e-con-full e-flex e-con e-child\" data-id=\"abb548d\" data-element_type=\"container\" data-e-type=\"container\">\n\t\t\t\t<div class=\"elementor-element elementor-element-96a2e9a elementor-widget elementor-widget-text-editor\" data-id=\"96a2e9a\" data-element_type=\"widget\" data-e-type=\"widget\" data-widget_type=\"text-editor.default\">\n\t\t\t\t<div class=\"elementor-widget-container\">\n\t\t\t\t\t\t\t\t\t<p>Bei uns kannst du schulische und studentische Pflichpraktika absolvieren.<\/p>\t\t\t\t\t\t\t\t<\/div>\n\t\t\t\t<\/div>\n\t\t\t\t<\/div>\n\t\t\t\t\t<\/details>\n\t\t\t\t\t\t<details id=\"e-n-accordion-item-4321\" class=\"e-n-accordion-item\" >\n\t\t\t\t<summary class=\"e-n-accordion-item-title\" data-accordion-index=\"2\" tabindex=\"-1\" aria-expanded=\"false\" aria-controls=\"e-n-accordion-item-4321\" >\n\t\t\t\t\t<span class='e-n-accordion-item-title-header'><h2 class=\"e-n-accordion-item-title-text\"> In welchen Bereichen ist ein Praktikum m\u00f6glich? <\/h2><\/span>\n\t\t\t\t\t\t\t<span class='e-n-accordion-item-title-icon'>\n\t\t\t<span class='e-opened' ><svg aria-hidden=\"true\" class=\"e-font-icon-svg e-fas-minus\" viewBox=\"0 0 448 512\" xmlns=\"http:\/\/www.w3.org\/2000\/svg\"><path d=\"M416 208H32c-17.67 0-32 14.33-32 32v32c0 17.67 14.33 32 32 32h384c17.67 0 32-14.33 32-32v-32c0-17.67-14.33-32-32-32z\"><\/path><\/svg><\/span>\n\t\t\t<span class='e-closed'><svg aria-hidden=\"true\" class=\"e-font-icon-svg e-fas-plus\" viewBox=\"0 0 448 512\" xmlns=\"http:\/\/www.w3.org\/2000\/svg\"><path d=\"M416 208H272V64c0-17.67-14.33-32-32-32h-32c-17.67 0-32 14.33-32 32v144H32c-17.67 0-32 14.33-32 32v32c0 17.67 14.33 32 32 32h144v144c0 17.67 14.33 32 32 32h32c17.67 0 32-14.33 32-32V304h144c17.67 0 32-14.33 32-32v-32c0-17.67-14.33-32-32-32z\"><\/path><\/svg><\/span>\n\t\t<\/span>\n\n\t\t\t\t\t\t<\/summary>\n\t\t\t\t<div role=\"region\" aria-labelledby=\"e-n-accordion-item-4321\" class=\"elementor-element elementor-element-ae52232 e-con-full e-flex e-con e-child\" data-id=\"ae52232\" data-element_type=\"container\" data-e-type=\"container\">\n\t\t\t\t<div class=\"elementor-element elementor-element-cca432c elementor-widget elementor-widget-text-editor\" data-id=\"cca432c\" data-element_type=\"widget\" data-e-type=\"widget\" data-widget_type=\"text-editor.default\">\n\t\t\t\t<div class=\"elementor-widget-container\">\n\t\t\t\t\t\t\t\t\t<p>Grunds\u00e4tzlich ist \u2013 je nach Kapazit\u00e4ten \u2013 in nahezu allen Bereichen der Kreisverwaltung ein Praktikum m\u00f6glich. Dabei kannst du je nach Interessen spannende Einblicke in unterschiedliche Fachgebiete gewinnen. Ob im organisatorischen, sozialen, technischen oder rechtlichen Bereich, wir bem\u00fchen uns, dich bestm\u00f6glich in die t\u00e4gliche Arbeit einzubinden. So erh\u00e4ltst du nicht nur einen realistischen Einblick in die Abl\u00e4ufe der \u00f6ffentlichen Verwaltung, sondern kannst auch wertvolle praktische Erfahrungen f\u00fcr deinen weiteren Weg sammeln.<\/p>\t\t\t\t\t\t\t\t<\/div>\n\t\t\t\t<\/div>\n\t\t\t\t<\/div>\n\t\t\t\t\t<\/details>\n\t\t\t\t\t\t<details id=\"e-n-accordion-item-4322\" class=\"e-n-accordion-item\" >\n\t\t\t\t<summary class=\"e-n-accordion-item-title\" data-accordion-index=\"3\" tabindex=\"-1\" aria-expanded=\"false\" aria-controls=\"e-n-accordion-item-4322\" >\n\t\t\t\t\t<span class='e-n-accordion-item-title-header'><h2 class=\"e-n-accordion-item-title-text\"> Wo kann die Anfrage gestellt werden? <\/h2><\/span>\n\t\t\t\t\t\t\t<span class='e-n-accordion-item-title-icon'>\n\t\t\t<span class='e-opened' ><svg aria-hidden=\"true\" class=\"e-font-icon-svg e-fas-minus\" viewBox=\"0 0 448 512\" xmlns=\"http:\/\/www.w3.org\/2000\/svg\"><path d=\"M416 208H32c-17.67 0-32 14.33-32 32v32c0 17.67 14.33 32 32 32h384c17.67 0 32-14.33 32-32v-32c0-17.67-14.33-32-32-32z\"><\/path><\/svg><\/span>\n\t\t\t<span class='e-closed'><svg aria-hidden=\"true\" class=\"e-font-icon-svg e-fas-plus\" viewBox=\"0 0 448 512\" xmlns=\"http:\/\/www.w3.org\/2000\/svg\"><path d=\"M416 208H272V64c0-17.67-14.33-32-32-32h-32c-17.67 0-32 14.33-32 32v144H32c-17.67 0-32 14.33-32 32v32c0 17.67 14.33 32 32 32h144v144c0 17.67 14.33 32 32 32h32c17.67 0 32-14.33 32-32V304h144c17.67 0 32-14.33 32-32v-32c0-17.67-14.33-32-32-32z\"><\/path><\/svg><\/span>\n\t\t<\/span>\n\n\t\t\t\t\t\t<\/summary>\n\t\t\t\t<div role=\"region\" aria-labelledby=\"e-n-accordion-item-4322\" class=\"elementor-element elementor-element-c90acd4 e-con-full e-flex e-con e-child\" data-id=\"c90acd4\" data-element_type=\"container\" data-e-type=\"container\">\n\t\t\t\t<div class=\"elementor-element elementor-element-fdd12d2 elementor-widget elementor-widget-text-editor\" data-id=\"fdd12d2\" data-element_type=\"widget\" data-e-type=\"widget\" data-widget_type=\"text-editor.default\">\n\t\t\t\t<div class=\"elementor-widget-container\">\n\t\t\t\t\t\t\t\t\t<p>Wenn du Interesse an einem Praktikumsplatz hast, kannst du dich ganz unkompliziert \u00fcber die passende Stellenausschreibung bei uns bewerben. Dort findest du alle wichtigen Informationen zu Anforderungen, Einsatzbereichen und dem Bewerbungsverfahren.<\/p>\t\t\t\t\t\t\t\t<\/div>\n\t\t\t\t<\/div>\n\t\t\t\t<\/div>\n\t\t\t\t\t<\/details>\n\t\t\t\t\t<\/div>\n\t\t\t\t\t\t<\/div>\n\t\t\t\t<\/div>\n\t\t\t\t<\/div>\n\t\t\t\t\t<\/div>\n\t\t\t\t<\/div>\n\t\t<div class=\"elementor-element elementor-element-3962cd7 e-flex e-con-boxed e-con e-parent\" data-id=\"3962cd7\" data-element_type=\"container\" data-e-type=\"container\" data-settings=\"{&quot;background_background&quot;:&quot;gradient&quot;}\">\n\t\t\t\t\t<div class=\"e-con-inner\">\n\t\t<div class=\"elementor-element elementor-element-bb4a507 e-con-full e-flex e-con e-child\" data-id=\"bb4a507\" data-element_type=\"container\" data-e-type=\"container\" data-settings=\"{&quot;background_background&quot;:&quot;gradient&quot;}\">\n\t\t\t\t<div class=\"elementor-element elementor-element-5cbcf3b elementor-widget elementor-widget-heading\" data-id=\"5cbcf3b\" data-element_type=\"widget\" data-e-type=\"widget\" data-widget_type=\"heading.default\">\n\t\t\t\t<div class=\"elementor-widget-container\">\n\t\t\t\t\t<h2 class=\"elementor-heading-title elementor-size-default\">Jetzt Teil unseres Teams werden<\/h2>\t\t\t\t<\/div>\n\t\t\t\t<\/div>\n\t\t\t\t<div class=\"elementor-element elementor-element-9cc40cf elementor-align-center elementor-widget elementor-widget-button\" data-id=\"9cc40cf\" data-element_type=\"widget\" data-e-type=\"widget\" data-widget_type=\"button.default\">\n\t\t\t\t<div class=\"elementor-widget-container\">\n\t\t\t\t\t\t\t\t\t<div class=\"elementor-button-wrapper\">\n\t\t\t\t\t<a class=\"elementor-button elementor-button-link elementor-size-sm elementor-animation-grow\" href=\"https:\/\/demo-stellen-hapy.konzeptschmiede.dewezet.de\/index.php\/stellenangebote\/\">\n\t\t\t\t\t\t<span class=\"elementor-button-content-wrapper\">\n\t\t\t\t\t\t\t\t\t<span class=\"elementor-button-text\">Stellenangebote ansehen<\/span>\n\t\t\t\t\t<\/span>\n\t\t\t\t\t<\/a>\n\t\t\t\t<\/div>\n\t\t\t\t\t\t\t\t<\/div>\n\t\t\t\t<\/div>\n\t\t\t\t<\/div>\n\t\t\t\t\t<\/div>\n\t\t\t\t<\/div>\n\t\t\t\t<\/div>\n\t\t","protected":false},"excerpt":{"rendered":"<p>Praktikum Finde raus, welcher Beruf zu dir passt. Einblicke in die Verwaltung Ein Praktikum beim Landkreis bietet dir die M\u00f6glichkeit, verschiedene Verwaltungsbereiche kennenzulernen, deine F\u00e4higkeiten einzubringen und wertvolle Praxiserfahrung zu sammeln. Bei uns lernst du, wie Verwaltung zum Wohle der B\u00fcrger:innen funktioniert. Besonders spannend: Die Praktika werden von unserer Azubi-Firma organisiert \u2013 also von Auszubildenden [&hellip;]<\/p>\n","protected":false},"author":1,"featured_media":0,"parent":378,"menu_order":0,"comment_status":"closed","ping_status":"closed","template":"","meta":{"_acf_changed":false,"footnotes":""},"class_list":["post-699","page","type-page","status-publish","hentry"],"acf":[],"yoast_head":"<!-- This site is optimized with the Yoast SEO plugin v27.3 - https:\/\/yoast.com\/product\/yoast-seo-wordpress\/ -->\n<title>Praktikum - Karriere Landkreis Hameln-Pyrmont<\/title>\n<meta name=\"robots\" content=\"noindex, follow, max-snippet:-1, max-image-preview:large, max-video-preview:-1\" \/>\n<meta property=\"og:locale\" content=\"de_DE\" \/>\n<meta property=\"og:type\" content=\"article\" \/>\n<meta property=\"og:title\" content=\"Praktikum - Karriere Landkreis Hameln-Pyrmont\" \/>\n<meta property=\"og:description\" content=\"Praktikum Finde raus, welcher Beruf zu dir passt. Einblicke in die Verwaltung Ein Praktikum beim Landkreis bietet dir die M\u00f6glichkeit, verschiedene Verwaltungsbereiche kennenzulernen, deine F\u00e4higkeiten einzubringen und wertvolle Praxiserfahrung zu sammeln. Bei uns lernst du, wie Verwaltung zum Wohle der B\u00fcrger:innen funktioniert. Besonders spannend: Die Praktika werden von unserer Azubi-Firma organisiert \u2013 also von Auszubildenden [&hellip;]\" \/>\n<meta property=\"og:url\" content=\"https:\/\/demo-stellen-hapy.konzeptschmiede.dewezet.de\/index.php\/einstiege\/praktikum\/\" \/>\n<meta property=\"og:site_name\" content=\"Karriere Landkreis Hameln-Pyrmont\" \/>\n<meta property=\"article:modified_time\" content=\"2025-12-09T10:15:43+00:00\" \/>\n<meta property=\"og:image\" content=\"https:\/\/demo-stellen-hapy.konzeptschmiede.dewezet.de\/wp-content\/uploads\/2025\/12\/0V0A5823-2-scaled.jpg\" \/>\n<meta name=\"twitter:card\" content=\"summary_large_image\" \/>\n<meta name=\"twitter:label1\" content=\"Gesch\u00e4tzte Lesezeit\" \/>\n\t<meta name=\"twitter:data1\" content=\"3\u00a0Minuten\" \/>\n<script type=\"application\/ld+json\" class=\"yoast-schema-graph\">{\"@context\":\"https:\\\/\\\/schema.org\",\"@graph\":[{\"@type\":\"WebPage\",\"@id\":\"https:\\\/\\\/demo-stellen-hapy.konzeptschmiede.dewezet.de\\\/index.php\\\/einstiege\\\/praktikum\\\/\",\"url\":\"https:\\\/\\\/demo-stellen-hapy.konzeptschmiede.dewezet.de\\\/index.php\\\/einstiege\\\/praktikum\\\/\",\"name\":\"Praktikum - Karriere Landkreis Hameln-Pyrmont\",\"isPartOf\":{\"@id\":\"https:\\\/\\\/demo-stellen-hapy.konzeptschmiede.dewezet.de\\\/#website\"},\"primaryImageOfPage\":{\"@id\":\"https:\\\/\\\/demo-stellen-hapy.konzeptschmiede.dewezet.de\\\/index.php\\\/einstiege\\\/praktikum\\\/#primaryimage\"},\"image\":{\"@id\":\"https:\\\/\\\/demo-stellen-hapy.konzeptschmiede.dewezet.de\\\/index.php\\\/einstiege\\\/praktikum\\\/#primaryimage\"},\"thumbnailUrl\":\"https:\\\/\\\/demo-stellen-hapy.konzeptschmiede.dewezet.de\\\/wp-content\\\/uploads\\\/2025\\\/12\\\/0V0A5823-2-scaled.jpg\",\"datePublished\":\"2025-05-07T09:55:54+00:00\",\"dateModified\":\"2025-12-09T10:15:43+00:00\",\"breadcrumb\":{\"@id\":\"https:\\\/\\\/demo-stellen-hapy.konzeptschmiede.dewezet.de\\\/index.php\\\/einstiege\\\/praktikum\\\/#breadcrumb\"},\"inLanguage\":\"de\",\"potentialAction\":[{\"@type\":\"ReadAction\",\"target\":[\"https:\\\/\\\/demo-stellen-hapy.konzeptschmiede.dewezet.de\\\/index.php\\\/einstiege\\\/praktikum\\\/\"]}]},{\"@type\":\"ImageObject\",\"inLanguage\":\"de\",\"@id\":\"https:\\\/\\\/demo-stellen-hapy.konzeptschmiede.dewezet.de\\\/index.php\\\/einstiege\\\/praktikum\\\/#primaryimage\",\"url\":\"https:\\\/\\\/demo-stellen-hapy.konzeptschmiede.dewezet.de\\\/wp-content\\\/uploads\\\/2025\\\/12\\\/0V0A5823-2-scaled.jpg\",\"contentUrl\":\"https:\\\/\\\/demo-stellen-hapy.konzeptschmiede.dewezet.de\\\/wp-content\\\/uploads\\\/2025\\\/12\\\/0V0A5823-2-scaled.jpg\",\"width\":2560,\"height\":1707},{\"@type\":\"BreadcrumbList\",\"@id\":\"https:\\\/\\\/demo-stellen-hapy.konzeptschmiede.dewezet.de\\\/index.php\\\/einstiege\\\/praktikum\\\/#breadcrumb\",\"itemListElement\":[{\"@type\":\"ListItem\",\"position\":1,\"name\":\"Startseite\",\"item\":\"https:\\\/\\\/demo-stellen-hapy.konzeptschmiede.dewezet.de\\\/\"},{\"@type\":\"ListItem\",\"position\":2,\"name\":\"Einstiege\",\"item\":\"https:\\\/\\\/demo-stellen-hapy.konzeptschmiede.dewezet.de\\\/index.php\\\/einstiege\\\/\"},{\"@type\":\"ListItem\",\"position\":3,\"name\":\"Praktikum\"}]},{\"@type\":\"WebSite\",\"@id\":\"https:\\\/\\\/demo-stellen-hapy.konzeptschmiede.dewezet.de\\\/#website\",\"url\":\"https:\\\/\\\/demo-stellen-hapy.konzeptschmiede.dewezet.de\\\/\",\"name\":\"Karriere Landkreis Hameln-Pyrmont\",\"description\":\"\",\"publisher\":{\"@id\":\"https:\\\/\\\/demo-stellen-hapy.konzeptschmiede.dewezet.de\\\/#organization\"},\"potentialAction\":[{\"@type\":\"SearchAction\",\"target\":{\"@type\":\"EntryPoint\",\"urlTemplate\":\"https:\\\/\\\/demo-stellen-hapy.konzeptschmiede.dewezet.de\\\/?s={search_term_string}\"},\"query-input\":{\"@type\":\"PropertyValueSpecification\",\"valueRequired\":true,\"valueName\":\"search_term_string\"}}],\"inLanguage\":\"de\"},{\"@type\":\"Organization\",\"@id\":\"https:\\\/\\\/demo-stellen-hapy.konzeptschmiede.dewezet.de\\\/#organization\",\"name\":\"Karriere Landkreis Hameln-Pyrmont\",\"url\":\"https:\\\/\\\/demo-stellen-hapy.konzeptschmiede.dewezet.de\\\/\",\"logo\":{\"@type\":\"ImageObject\",\"inLanguage\":\"de\",\"@id\":\"https:\\\/\\\/demo-stellen-hapy.konzeptschmiede.dewezet.de\\\/#\\\/schema\\\/logo\\\/image\\\/\",\"url\":\"https:\\\/\\\/demo-stellen-hapy.konzeptschmiede.dewezet.de\\\/wp-content\\\/uploads\\\/2025\\\/03\\\/logo_landkreis-hameln-pyrmont.png\",\"contentUrl\":\"https:\\\/\\\/demo-stellen-hapy.konzeptschmiede.dewezet.de\\\/wp-content\\\/uploads\\\/2025\\\/03\\\/logo_landkreis-hameln-pyrmont.png\",\"width\":600,\"height\":345,\"caption\":\"Karriere Landkreis Hameln-Pyrmont\"},\"image\":{\"@id\":\"https:\\\/\\\/demo-stellen-hapy.konzeptschmiede.dewezet.de\\\/#\\\/schema\\\/logo\\\/image\\\/\"}}]}<\/script>\n<!-- \/ Yoast SEO plugin. -->","yoast_head_json":{"title":"Praktikum - Karriere Landkreis Hameln-Pyrmont","robots":{"index":"noindex","follow":"follow","max-snippet":"max-snippet:-1","max-image-preview":"max-image-preview:large","max-video-preview":"max-video-preview:-1"},"og_locale":"de_DE","og_type":"article","og_title":"Praktikum - Karriere Landkreis Hameln-Pyrmont","og_description":"Praktikum Finde raus, welcher Beruf zu dir passt. Einblicke in die Verwaltung Ein Praktikum beim Landkreis bietet dir die M\u00f6glichkeit, verschiedene Verwaltungsbereiche kennenzulernen, deine F\u00e4higkeiten einzubringen und wertvolle Praxiserfahrung zu sammeln. Bei uns lernst du, wie Verwaltung zum Wohle der B\u00fcrger:innen funktioniert. Besonders spannend: Die Praktika werden von unserer Azubi-Firma organisiert \u2013 also von Auszubildenden [&hellip;]","og_url":"https:\/\/demo-stellen-hapy.konzeptschmiede.dewezet.de\/index.php\/einstiege\/praktikum\/","og_site_name":"Karriere Landkreis Hameln-Pyrmont","article_modified_time":"2025-12-09T10:15:43+00:00","og_image":[{"url":"https:\/\/demo-stellen-hapy.konzeptschmiede.dewezet.de\/wp-content\/uploads\/2025\/12\/0V0A5823-2-scaled.jpg","type":"","width":"","height":""}],"twitter_card":"summary_large_image","twitter_misc":{"Gesch\u00e4tzte Lesezeit":"3\u00a0Minuten"},"schema":{"@context":"https:\/\/schema.org","@graph":[{"@type":"WebPage","@id":"https:\/\/demo-stellen-hapy.konzeptschmiede.dewezet.de\/index.php\/einstiege\/praktikum\/","url":"https:\/\/demo-stellen-hapy.konzeptschmiede.dewezet.de\/index.php\/einstiege\/praktikum\/","name":"Praktikum - Karriere Landkreis Hameln-Pyrmont","isPartOf":{"@id":"https:\/\/demo-stellen-hapy.konzeptschmiede.dewezet.de\/#website"},"primaryImageOfPage":{"@id":"https:\/\/demo-stellen-hapy.konzeptschmiede.dewezet.de\/index.php\/einstiege\/praktikum\/#primaryimage"},"image":{"@id":"https:\/\/demo-stellen-hapy.konzeptschmiede.dewezet.de\/index.php\/einstiege\/praktikum\/#primaryimage"},"thumbnailUrl":"https:\/\/demo-stellen-hapy.konzeptschmiede.dewezet.de\/wp-content\/uploads\/2025\/12\/0V0A5823-2-scaled.jpg","datePublished":"2025-05-07T09:55:54+00:00","dateModified":"2025-12-09T10:15:43+00:00","breadcrumb":{"@id":"https:\/\/demo-stellen-hapy.konzeptschmiede.dewezet.de\/index.php\/einstiege\/praktikum\/#breadcrumb"},"inLanguage":"de","potentialAction":[{"@type":"ReadAction","target":["https:\/\/demo-stellen-hapy.konzeptschmiede.dewezet.de\/index.php\/einstiege\/praktikum\/"]}]},{"@type":"ImageObject","inLanguage":"de","@id":"https:\/\/demo-stellen-hapy.konzeptschmiede.dewezet.de\/index.php\/einstiege\/praktikum\/#primaryimage","url":"https:\/\/demo-stellen-hapy.konzeptschmiede.dewezet.de\/wp-content\/uploads\/2025\/12\/0V0A5823-2-scaled.jpg","contentUrl":"https:\/\/demo-stellen-hapy.konzeptschmiede.dewezet.de\/wp-content\/uploads\/2025\/12\/0V0A5823-2-scaled.jpg","width":2560,"height":1707},{"@type":"BreadcrumbList","@id":"https:\/\/demo-stellen-hapy.konzeptschmiede.dewezet.de\/index.php\/einstiege\/praktikum\/#breadcrumb","itemListElement":[{"@type":"ListItem","position":1,"name":"Startseite","item":"https:\/\/demo-stellen-hapy.konzeptschmiede.dewezet.de\/"},{"@type":"ListItem","position":2,"name":"Einstiege","item":"https:\/\/demo-stellen-hapy.konzeptschmiede.dewezet.de\/index.php\/einstiege\/"},{"@type":"ListItem","position":3,"name":"Praktikum"}]},{"@type":"WebSite","@id":"https:\/\/demo-stellen-hapy.konzeptschmiede.dewezet.de\/#website","url":"https:\/\/demo-stellen-hapy.konzeptschmiede.dewezet.de\/","name":"Karriere Landkreis Hameln-Pyrmont","description":"","publisher":{"@id":"https:\/\/demo-stellen-hapy.konzeptschmiede.dewezet.de\/#organization"},"potentialAction":[{"@type":"SearchAction","target":{"@type":"EntryPoint","urlTemplate":"https:\/\/demo-stellen-hapy.konzeptschmiede.dewezet.de\/?s={search_term_string}"},"query-input":{"@type":"PropertyValueSpecification","valueRequired":true,"valueName":"search_term_string"}}],"inLanguage":"de"},{"@type":"Organization","@id":"https:\/\/demo-stellen-hapy.konzeptschmiede.dewezet.de\/#organization","name":"Karriere Landkreis Hameln-Pyrmont","url":"https:\/\/demo-stellen-hapy.konzeptschmiede.dewezet.de\/","logo":{"@type":"ImageObject","inLanguage":"de","@id":"https:\/\/demo-stellen-hapy.konzeptschmiede.dewezet.de\/#\/schema\/logo\/image\/","url":"https:\/\/demo-stellen-hapy.konzeptschmiede.dewezet.de\/wp-content\/uploads\/2025\/03\/logo_landkreis-hameln-pyrmont.png","contentUrl":"https:\/\/demo-stellen-hapy.konzeptschmiede.dewezet.de\/wp-content\/uploads\/2025\/03\/logo_landkreis-hameln-pyrmont.png","width":600,"height":345,"caption":"Karriere Landkreis Hameln-Pyrmont"},"image":{"@id":"https:\/\/demo-stellen-hapy.konzeptschmiede.dewezet.de\/#\/schema\/logo\/image\/"}}]}},"_links":{"self":[{"href":"https:\/\/demo-stellen-hapy.konzeptschmiede.dewezet.de\/index.php\/wp-json\/wp\/v2\/pages\/699","targetHints":{"allow":["GET"]}}],"collection":[{"href":"https:\/\/demo-stellen-hapy.konzeptschmiede.dewezet.de\/index.php\/wp-json\/wp\/v2\/pages"}],"about":[{"href":"https:\/\/demo-stellen-hapy.konzeptschmiede.dewezet.de\/index.php\/wp-json\/wp\/v2\/types\/page"}],"author":[{"embeddable":true,"href":"https:\/\/demo-stellen-hapy.konzeptschmiede.dewezet.de\/index.php\/wp-json\/wp\/v2\/users\/1"}],"replies":[{"embeddable":true,"href":"https:\/\/demo-stellen-hapy.konzeptschmiede.dewezet.de\/index.php\/wp-json\/wp\/v2\/comments?post=699"}],"version-history":[{"count":49,"href":"https:\/\/demo-stellen-hapy.konzeptschmiede.dewezet.de\/index.php\/wp-json\/wp\/v2\/pages\/699\/revisions"}],"predecessor-version":[{"id":4135,"href":"https:\/\/demo-stellen-hapy.konzeptschmiede.dewezet.de\/index.php\/wp-json\/wp\/v2\/pages\/699\/revisions\/4135"}],"up":[{"embeddable":true,"href":"https:\/\/demo-stellen-hapy.konzeptschmiede.dewezet.de\/index.php\/wp-json\/wp\/v2\/pages\/378"}],"wp:attachment":[{"href":"https:\/\/demo-stellen-hapy.konzeptschmiede.dewezet.de\/index.php\/wp-json\/wp\/v2\/media?parent=699"}],"curies":[{"name":"wp","href":"https:\/\/api.w.org\/{rel}","templated":true}]}}